{"id":1142,"date":"2024-10-11T08:14:46","date_gmt":"2024-10-11T06:14:46","guid":{"rendered":"https:\/\/www.repairsys.eu\/?page_id=1142"},"modified":"2024-10-11T08:17:14","modified_gmt":"2024-10-11T06:17:14","slug":"potten-pannen","status":"publish","type":"page","link":"https:\/\/www.repairsys.eu\/de\/potten-pannen\/","title":{"rendered":"Potten Pannen"},"content":{"rendered":"[et_pb_section][et_pb_row][et_pb_column type=\u201c4_4\u2033][et_pb_text]<!-- divi:paragraph -->\n<div class=\"wpforms-container wpforms-container-full wpforms-render-modern\" id=\"wpforms-802\"><form id=\"wpforms-form-802\" class=\"wpforms-validate wpforms-form wpforms-ajax-form\" data-formid=\"802\" method=\"post\" enctype=\"multipart\/form-data\" action=\"\/de\/wp-json\/wp\/v2\/pages\/1142?wpforms_form_id=802\" data-token=\"f265a4984e4e714dffccd784fb6eca99\" data-trp-original-action=\"\/de\/wp-json\/wp\/v2\/pages\/1142?wpforms_form_id=802\"><noscript class=\"wpforms-error-noscript\">Bitte aktivieren Sie JavaScript in Ihrem Browser, um dieses Formular fertigzustellen.<\/noscript><div class=\"wpforms-hidden\" id=\"wpforms-error-noscript\">Bitte aktivieren Sie JavaScript in Ihrem Browser, um dieses Formular fertigzustellen.<\/div><div class=\"wpforms-field-container\"><div id=\"wpforms-802-field_22-container\" class=\"wpforms-field wpforms-field-select wpforms-field-select-style-classic\" data-field-id=\"22\"><label class=\"wpforms-field-label\" for=\"wpforms-802-field_22\">Moment\u00e1ln\u011b n\u00e1m nefunguje odes\u00edl\u00e1n\u00ed formul\u00e1\u0159e, na n\u00e1prav\u011b pracujeme. Zak\u00e1zky pros\u00edm zad\u00e1vejte p\u0159es mail: dispecink@repairsys.eu  D\u011bkujeme za pochopen\u00ed<\/label><select id=\"wpforms-802-field_22\" class=\"wpforms-field-medium\" name=\"wpforms[fields][22]\"><option value=\"Z\u00e1ru\u010dn\u00ed\" >Garantie<\/option><option value=\"Poz\u00e1ru\u010dn\u00ed\" >After-Sales<\/option><\/select><\/div><div id=\"wpforms-802-field_10-container\" class=\"wpforms-field wpforms-field-select wpforms-field-select-style-classic\" data-field-id=\"10\"><label class=\"wpforms-field-label\" for=\"wpforms-802-field_10\">Typ des Ger\u00e4ts <span class=\"wpforms-required-label\" aria-hidden=\"true\">*<\/span><\/label><select id=\"wpforms-802-field_10\" class=\"wpforms-field-medium wpforms-field-required\" name=\"wpforms[fields][10]\" required=\"required\"><option value=\"-- Vyberte nejvhodn\u011bj\u0161\u00ed kategorii za\u0159\u00edzen\u00ed --\"  selected='selected'>-- W\u00e4hlen Sie die am besten geeignete Ger\u00e4tekategorie --<\/option><option value=\"B\u00edl\u00e9 elektro\" >Wei\u00dfer Elektro<\/option><option value=\"\u010cern\u00e9 elektro\" >Schwarzer Elektro<\/option><option value=\"Dom\u00e1c\u00ed a drobn\u00e9 elektro\" >Haushaltswaren und kleine Elektroger\u00e4te<\/option><option value=\"Ostatn\u00ed\" >Andere<\/option><\/select><\/div><div id=\"wpforms-802-field_14-container\" class=\"wpforms-field wpforms-field-text\" data-field-id=\"14\"><label class=\"wpforms-field-label\" for=\"wpforms-802-field_14\">Marke und Modell <span class=\"wpforms-required-label\" aria-hidden=\"true\">*<\/span><\/label><input type=\"text\" id=\"wpforms-802-field_14\" class=\"wpforms-field-medium wpforms-field-required\" name=\"wpforms[fields][14]\" aria-errormessage=\"wpforms-802-field_14-error\" aria-describedby=\"wpforms-802-field_14-description\" required><div id=\"wpforms-802-field_14-description\" class=\"wpforms-field-description\">Zur\u00fcck: K\u00fchlschrank + Gefrierschrank 50's Retro Style, FAB10, rechts \u00f6ffnend, schwarz<\/div><\/div><div id=\"wpforms-802-field_2-container\" class=\"wpforms-field wpforms-field-text\" data-field-id=\"2\"><label class=\"wpforms-field-label\" for=\"wpforms-802-field_2\">Seriennummer des Ger\u00e4ts<\/label><input type=\"text\" id=\"wpforms-802-field_2\" class=\"wpforms-field-medium\" name=\"wpforms[fields][2]\" aria-errormessage=\"wpforms-802-field_2-error\" aria-describedby=\"wpforms-802-field_2-description\" ><div id=\"wpforms-802-field_2-description\" class=\"wpforms-field-description\">auf dem Ger\u00e4t als S\/N gekennzeichnet<\/div><\/div><div id=\"wpforms-802-field_8-container\" class=\"wpforms-field wpforms-field-name\" data-field-id=\"8\"><label class=\"wpforms-field-label\" for=\"wpforms-802-field_8\">Vorname und Nachname <span class=\"wpforms-required-label\" aria-hidden=\"true\">*<\/span><\/label><input type=\"text\" id=\"wpforms-802-field_8\" class=\"wpforms-field-medium wpforms-field-required\" name=\"wpforms[fields][8]\" aria-errormessage=\"wpforms-802-field_8-error\" required><\/div><div id=\"wpforms-802-field_15-container\" class=\"wpforms-field wpforms-field-phone\" data-field-id=\"15\"><label class=\"wpforms-field-label\" for=\"wpforms-802-field_15\">Telefon <span class=\"wpforms-required-label\" aria-hidden=\"true\">*<\/span><\/label><input type=\"tel\" id=\"wpforms-802-field_15\" class=\"wpforms-field-medium wpforms-field-required\" data-rule-int-phone-field=\"true\" name=\"wpforms[fields][15]\" aria-errormessage=\"wpforms-802-field_15-error\" required><\/div><div id=\"wpforms-802-field_7-container\" class=\"wpforms-field wpforms-field-email\" data-field-id=\"7\"><label class=\"wpforms-field-label\" for=\"wpforms-802-field_7\">E-Mail<\/label><input type=\"email\" id=\"wpforms-802-field_7\" class=\"wpforms-field-medium\" name=\"wpforms[fields][7]\" spellcheck=\"false\" aria-errormessage=\"wpforms-802-field_7-error\" ><\/div><div id=\"wpforms-802-field_16-container\" class=\"wpforms-field wpforms-field-address\" data-field-id=\"16\"><fieldset><legend class=\"wpforms-field-label\">Adresse<\/legend><div class=\"wpforms-field-row wpforms-field-medium\"><div ><input type=\"text\" id=\"wpforms-802-field_16\" class=\"wpforms-field-address-address1\" name=\"wpforms[fields][16][address1]\" placeholder=\"Stra\u00dfe und beschreibende Nummer\" aria-errormessage=\"wpforms-802-field_16-error\" ><label for=\"wpforms-802-field_16\" class=\"wpforms-field-sublabel after wpforms-sublabel-hide\">Anschrift Zeile 1<\/label><\/div><\/div><div class=\"wpforms-field-row wpforms-field-medium\"><div class=\"wpforms-field-row-block wpforms-one-half wpforms-first\"><input type=\"text\" id=\"wpforms-802-field_16-city\" class=\"wpforms-field-address-city\" name=\"wpforms[fields][16][city]\" placeholder=\"Stadt\" aria-errormessage=\"wpforms-802-field_16-city-error\" ><label for=\"wpforms-802-field_16-city\" class=\"wpforms-field-sublabel after wpforms-sublabel-hide\">Ort<\/label><\/div><div class=\"wpforms-field-row-block wpforms-one-half\"><input type=\"text\" id=\"wpforms-802-field_16-state\" class=\"wpforms-field-address-state\" name=\"wpforms[fields][16][state]\" aria-errormessage=\"wpforms-802-field_16-state-error\" ><label for=\"wpforms-802-field_16-state\" class=\"wpforms-field-sublabel after wpforms-sublabel-hide\">Region<\/label><\/div><\/div><div class=\"wpforms-field-row wpforms-field-medium\"><div class=\"wpforms-field-row-block wpforms-one-half wpforms-first\"><input type=\"text\" id=\"wpforms-802-field_16-postal\" class=\"wpforms-field-address-postal\" name=\"wpforms[fields][16][postal]\" placeholder=\"POSTCODE\" aria-errormessage=\"wpforms-802-field_16-postal-error\" ><label for=\"wpforms-802-field_16-postal\" class=\"wpforms-field-sublabel after wpforms-sublabel-hide\">Postleitzahl<\/label><\/div><\/div><\/fieldset><\/div><div id=\"wpforms-802-field_19-container\" class=\"wpforms-field wpforms-field-textarea\" data-field-id=\"19\"><label class=\"wpforms-field-label\" for=\"wpforms-802-field_19\">Beschreibung des Problems<\/label><textarea id=\"wpforms-802-field_19\" class=\"wpforms-field-medium\" name=\"wpforms[fields][19]\" aria-errormessage=\"wpforms-802-field_19-error\" aria-describedby=\"wpforms-802-field_19-description\" ><\/textarea><div id=\"wpforms-802-field_19-description\" class=\"wpforms-field-description\">Schreiben Sie eine Beschreibung des Fehlers, den Sie beheben lassen m\u00f6chten.<\/div><\/div><div id=\"wpforms-802-field_17-container\" class=\"wpforms-field wpforms-field-file-upload\" data-field-id=\"17\"><label class=\"wpforms-field-label\" for=\"wpforms-802-field_17\">Anhang hochladen<\/label><div\n\t\tclass=\"wpforms-uploader\"\n\t\tdata-field-id=\"17\"\n\t\tdata-form-id=\"802\"\n\t\tdata-input-name=\"wpforms_802_17\"\n\t\tdata-extensions=\"jpg,jpeg,jpe,gif,png,bmp,tiff,tif,webp,avif,ico,heic,heif,heics,heifs,asf,asx,wmv,wmx,wm,avi,divx,mov,qt,mpeg,mpg,mpe,mp4,m4v,ogv,webm,mkv,3gp,3gpp,3g2,3gp2,txt,asc,c,cc,h,srt,csv,tsv,ics,rtx,css,vtt,mp3,m4a,m4b,aac,ra,ram,wav,x-wav,ogg,oga,flac,mid,midi,wma,wax,mka,rtf,pdf,class,tar,zip,gz,gzip,rar,7z,psd,xcf,doc,pot,pps,ppt,wri,xla,xls,xlt,xlw,mpp,docx,docm,dotx,dotm,xlsx,xlsm,xlsb,xltx,xltm,xlam,pptx,pptm,ppsx,ppsm,potx,potm,ppam,sldx,sldm,onetoc,onetoc2,onepkg,oxps,xps,odt,odp,ods,odg,odc,odb,odf,wp,wpd,key,numbers,pages,svg,svgz\"\n\t\tdata-max-size=\"268435456\"\n\t\tdata-max-file-number=\"3\"\n\t\tdata-post-max-size=\"268435456\"\n\t\tdata-max-parallel-uploads=\"4\"\n\t\tdata-parallel-uploads=\"true\"\n\t\tdata-file-chunk-size=\"2097152\">\n\t<div class=\"dz-message\">\n\t\t<svg viewbox=\"0 0 1024 1024\" focusable=\"false\" data-icon=\"inbox\" width=\"50px\" height=\"50px\" fill=\"currentColor\" aria-hidden=\"true\">\n\t\t\t<path d=\"M885.2 446.3l-.2-.8-112.2-285.1c-5-16.1-19.9-27.2-36.8-27.2H281.2c-17 0-32.1 11.3-36.9 27.6L139.4 443l-.3.7-.2.8c-1.3 4.9-1.7 9.9-1 14.8-.1 1.6-.2 3.2-.2 4.8V830a60.9 60.9 0 0 0 60.8 60.8h627.2c33.5 0 60.8-27.3 60.9-60.8V464.1c0-1.3 0-2.6-.1-3.7.4-4.9 0-9.6-1.3-14.1zm-295.8-43l-.3 15.7c-.8 44.9-31.8 75.1-77.1 75.1-22.1 0-41.1-7.1-54.8-20.6S436 441.2 435.6 419l-.3-15.7H229.5L309 210h399.2l81.7 193.3H589.4zm-375 76.8h157.3c24.3 57.1 76 90.8 140.4 90.8 33.7 0 65-9.4 90.3-27.2 22.2-15.6 39.5-37.4 50.7-63.6h156.5V814H214.4V480.1z\"><\/path>\n\t\t<\/svg>\n\t\t<span class=\"modern-title\">Klicken oder ziehen Sie Dateien in diesem Bereich zum Hochladen.<\/span>\n\n\t\t\t\t\t<span class=\"modern-hint\">Sie k\u00f6nnen bis zu 3 Dateien hochladen.<\/span>\n\t\t\t<\/div>\n<\/div>\n<input\n\t\ttype=\"text\"\n\t\tautocomplete=\"off\"\n\t\tclass=\"dropzone-input\"\n\t\tstyle=\"position:absolute!important;clip:rect(0,0,0,0)!important;height:1px!important;width:1px!important;border:0!important;overflow:hidden!important;padding:0!important;margin:0!important;\"\n\t\tid=\"wpforms-802-field_17\"\n\t\tname=\"wpforms_802_17\" \t\tvalue=\"\">\n<\/div><\/div><!-- .wpforms-field-container --><div class=\"wpforms-submit-container\" ><input type=\"hidden\" name=\"wpforms[id]\" value=\"802\"><input type=\"hidden\" name=\"wpforms[author]\" value=\"1\"><button type=\"submit\" name=\"wpforms[submit]\" id=\"wpforms-submit-802\" class=\"wpforms-submit\" data-alt-text=\"Odes\u00edl\u00e1m...\" data-submit-text=\"Odeslat\" aria-live=\"assertive\" value=\"wpforms-submit\">Senden an<\/button><img loading=\"lazy\" decoding=\"async\" src=\"https:\/\/www.repairsys.eu\/wp-content\/plugins\/wpforms\/assets\/images\/submit-spin.svg\" class=\"wpforms-submit-spinner\" style=\"display: none;\" width=\"26\" height=\"26\" alt=\"Wird geladen\"><\/div><input type=\"hidden\" name=\"trp-form-language\" value=\"de\"\/><\/form><\/div>  <!-- .wpforms-container -->\n<!-- \/divi:paragraph -->[\/et_pb_text][\/et_pb_column][\/et_pb_row][\/et_pb_section]","protected":false},"excerpt":{"rendered":"<p><div class=\"et_pb_section et_pb_section_0 et_section_regular\" >\n\t\t\t\t\n\t\t\t\t\n\t\t\t\t\n\t\t\t\t\n\t\t\t\t\n\t\t\t\t\n\t\t\t\t\n\t\t\t\t\n\t\t\t\t\n\t\t\t<\/div><div class=\"et_pb_row et_pb_row_0 et_pb_row_empty\">\n\t\t\t\t\n\t\t\t\t\n\t\t\t\t\n\t\t\t\t\n\t\t\t\t\n\t\t\t<\/div><div class=\"et_pb_module et_pb_text et_pb_text_0  et_pb_text_align_left et_pb_bg_layout_light\">\n\t\t\t\t\n\t\t\t\t\n\t\t\t\t\n\t\t\t\t\n\t\t\t\t\n\t\t\t<\/div> <div class=\"wpforms-container wpforms-container-full wpforms-render-modern\" id=\"wpforms-802\"><form id=\"wpforms-form-802\" class=\"wpforms-validate wpforms-form wpforms-ajax-form\" data-formid=\"802\" method=\"post\" enctype=\"multipart\/form-data\" action=\"\/de\/wp-json\/wp\/v2\/pages\/1142?wpforms_form_id=802\" data-token=\"f265a4984e4e714dffccd784fb6eca99\" data-trp-original-action=\"\/de\/wp-json\/wp\/v2\/pages\/1142?wpforms_form_id=802\"><noscript class=\"wpforms-error-noscript\">Bitte aktivieren Sie JavaScript in Ihrem Browser, um dieses Formular fertigzustellen.<\/noscript><div class=\"wpforms-hidden\" id=\"wpforms-error-noscript\">Bitte aktivieren Sie JavaScript in Ihrem Browser, um dieses Formular fertigzustellen.<\/div><div class=\"wpforms-field-container\"><div id=\"wpforms-802-field_22-container\" class=\"wpforms-field wpforms-field-select wpforms-field-select-style-classic\" data-field-id=\"22\"><label class=\"wpforms-field-label\" for=\"wpforms-802-field_22\">Moment\u00e1ln\u011b n\u00e1m nefunguje odes\u00edl\u00e1n\u00ed formul\u00e1\u0159e, na n\u00e1prav\u011b pracujeme. Zak\u00e1zky pros\u00edm zad\u00e1vejte p\u0159es mail: dispecink@repairsys.eu  D\u011bkujeme za pochopen\u00ed<\/label><select id=\"wpforms-802-field_22\" class=\"wpforms-field-medium\" name=\"wpforms[fields][22]\"><option value=\"Z\u00e1ru\u010dn\u00ed\" >Garantie<\/option><option value=\"Poz\u00e1ru\u010dn\u00ed\" >After-Sales<\/option><\/select><\/div><div id=\"wpforms-802-field_10-container\" class=\"wpforms-field wpforms-field-select wpforms-field-select-style-classic\" data-field-id=\"10\"><label class=\"wpforms-field-label\" for=\"wpforms-802-field_10\">Typ des Ger\u00e4ts <span class=\"wpforms-required-label\" aria-hidden=\"true\">*<\/span><\/label><select id=\"wpforms-802-field_10\" class=\"wpforms-field-medium wpforms-field-required\" name=\"wpforms[fields][10]\" required=\"required\"><option value=\"-- Vyberte nejvhodn\u011bj\u0161\u00ed kategorii za\u0159\u00edzen\u00ed --\"  selected='selected'>-- W\u00e4hlen Sie die am besten geeignete Ger\u00e4tekategorie --<\/option><option value=\"B\u00edl\u00e9 elektro\" >Wei\u00dfer Elektro<\/option><option value=\"\u010cern\u00e9 elektro\" >Schwarzer Elektro<\/option><option value=\"Dom\u00e1c\u00ed a drobn\u00e9 elektro\" >Haushaltswaren und kleine Elektroger\u00e4te<\/option><option value=\"Ostatn\u00ed\" >Andere<\/option><\/select><\/div><div id=\"wpforms-802-field_14-container\" class=\"wpforms-field wpforms-field-text\" data-field-id=\"14\"><label class=\"wpforms-field-label\" for=\"wpforms-802-field_14\">Marke und Modell <span class=\"wpforms-required-label\" aria-hidden=\"true\">*<\/span><\/label><input type=\"text\" id=\"wpforms-802-field_14\" class=\"wpforms-field-medium wpforms-field-required\" name=\"wpforms[fields][14]\" aria-errormessage=\"wpforms-802-field_14-error\" aria-describedby=\"wpforms-802-field_14-description\" required><div id=\"wpforms-802-field_14-description\" class=\"wpforms-field-description\">Zur\u00fcck: K\u00fchlschrank + Gefrierschrank 50's Retro Style, FAB10, rechts \u00f6ffnend, schwarz<\/div><\/div><div id=\"wpforms-802-field_2-container\" class=\"wpforms-field wpforms-field-text\" data-field-id=\"2\"><label class=\"wpforms-field-label\" for=\"wpforms-802-field_2\">Seriennummer des Ger\u00e4ts<\/label><input type=\"text\" id=\"wpforms-802-field_2\" class=\"wpforms-field-medium\" name=\"wpforms[fields][2]\" aria-errormessage=\"wpforms-802-field_2-error\" aria-describedby=\"wpforms-802-field_2-description\" ><div id=\"wpforms-802-field_2-description\" class=\"wpforms-field-description\">auf dem Ger\u00e4t als S\/N gekennzeichnet<\/div><\/div><div id=\"wpforms-802-field_8-container\" class=\"wpforms-field wpforms-field-name\" data-field-id=\"8\"><label class=\"wpforms-field-label\" for=\"wpforms-802-field_8\">Vorname und Nachname <span class=\"wpforms-required-label\" aria-hidden=\"true\">*<\/span><\/label><input type=\"text\" id=\"wpforms-802-field_8\" class=\"wpforms-field-medium wpforms-field-required\" name=\"wpforms[fields][8]\" aria-errormessage=\"wpforms-802-field_8-error\" required><\/div><div id=\"wpforms-802-field_15-container\" class=\"wpforms-field wpforms-field-phone\" data-field-id=\"15\"><label class=\"wpforms-field-label\" for=\"wpforms-802-field_15\">Telefon <span class=\"wpforms-required-label\" aria-hidden=\"true\">*<\/span><\/label><input type=\"tel\" id=\"wpforms-802-field_15\" class=\"wpforms-field-medium wpforms-field-required\" data-rule-int-phone-field=\"true\" name=\"wpforms[fields][15]\" aria-errormessage=\"wpforms-802-field_15-error\" required><\/div><div id=\"wpforms-802-field_7-container\" class=\"wpforms-field wpforms-field-email\" data-field-id=\"7\"><label class=\"wpforms-field-label\" for=\"wpforms-802-field_7\">E-Mail<\/label><input type=\"email\" id=\"wpforms-802-field_7\" class=\"wpforms-field-medium\" name=\"wpforms[fields][7]\" spellcheck=\"false\" aria-errormessage=\"wpforms-802-field_7-error\" ><\/div><div id=\"wpforms-802-field_16-container\" class=\"wpforms-field wpforms-field-address\" data-field-id=\"16\"><fieldset><legend class=\"wpforms-field-label\">Adresse<\/legend><div class=\"wpforms-field-row wpforms-field-medium\"><div ><input type=\"text\" id=\"wpforms-802-field_16\" class=\"wpforms-field-address-address1\" name=\"wpforms[fields][16][address1]\" placeholder=\"Stra\u00dfe und beschreibende Nummer\" aria-errormessage=\"wpforms-802-field_16-error\" ><label for=\"wpforms-802-field_16\" class=\"wpforms-field-sublabel after wpforms-sublabel-hide\">Anschrift Zeile 1<\/label><\/div><\/div><div class=\"wpforms-field-row wpforms-field-medium\"><div class=\"wpforms-field-row-block wpforms-one-half wpforms-first\"><input type=\"text\" id=\"wpforms-802-field_16-city\" class=\"wpforms-field-address-city\" name=\"wpforms[fields][16][city]\" placeholder=\"Stadt\" aria-errormessage=\"wpforms-802-field_16-city-error\" ><label for=\"wpforms-802-field_16-city\" class=\"wpforms-field-sublabel after wpforms-sublabel-hide\">Ort<\/label><\/div><div class=\"wpforms-field-row-block wpforms-one-half\"><input type=\"text\" id=\"wpforms-802-field_16-state\" class=\"wpforms-field-address-state\" name=\"wpforms[fields][16][state]\" aria-errormessage=\"wpforms-802-field_16-state-error\" ><label for=\"wpforms-802-field_16-state\" class=\"wpforms-field-sublabel after wpforms-sublabel-hide\">Region<\/label><\/div><\/div><div class=\"wpforms-field-row wpforms-field-medium\"><div class=\"wpforms-field-row-block wpforms-one-half wpforms-first\"><input type=\"text\" id=\"wpforms-802-field_16-postal\" class=\"wpforms-field-address-postal\" name=\"wpforms[fields][16][postal]\" placeholder=\"POSTCODE\" aria-errormessage=\"wpforms-802-field_16-postal-error\" ><label for=\"wpforms-802-field_16-postal\" class=\"wpforms-field-sublabel after wpforms-sublabel-hide\">Postleitzahl<\/label><\/div><\/div><\/fieldset><\/div><div id=\"wpforms-802-field_19-container\" class=\"wpforms-field wpforms-field-textarea\" data-field-id=\"19\"><label class=\"wpforms-field-label\" for=\"wpforms-802-field_19\">Beschreibung des Problems<\/label><textarea id=\"wpforms-802-field_19\" class=\"wpforms-field-medium\" name=\"wpforms[fields][19]\" aria-errormessage=\"wpforms-802-field_19-error\" aria-describedby=\"wpforms-802-field_19-description\" ><\/textarea><div id=\"wpforms-802-field_19-description\" class=\"wpforms-field-description\">Schreiben Sie eine Beschreibung des Fehlers, den Sie beheben lassen m\u00f6chten.<\/div><\/div><div id=\"wpforms-802-field_17-container\" class=\"wpforms-field wpforms-field-file-upload\" data-field-id=\"17\"><label class=\"wpforms-field-label\" for=\"wpforms-802-field_17\">Anhang hochladen<\/label><div\n\t\tclass=\"wpforms-uploader\"\n\t\tdata-field-id=\"17\"\n\t\tdata-form-id=\"802\"\n\t\tdata-input-name=\"wpforms_802_17\"\n\t\tdata-extensions=\"jpg,jpeg,jpe,gif,png,bmp,tiff,tif,webp,avif,ico,heic,heif,heics,heifs,asf,asx,wmv,wmx,wm,avi,divx,mov,qt,mpeg,mpg,mpe,mp4,m4v,ogv,webm,mkv,3gp,3gpp,3g2,3gp2,txt,asc,c,cc,h,srt,csv,tsv,ics,rtx,css,vtt,mp3,m4a,m4b,aac,ra,ram,wav,x-wav,ogg,oga,flac,mid,midi,wma,wax,mka,rtf,pdf,class,tar,zip,gz,gzip,rar,7z,psd,xcf,doc,pot,pps,ppt,wri,xla,xls,xlt,xlw,mpp,docx,docm,dotx,dotm,xlsx,xlsm,xlsb,xltx,xltm,xlam,pptx,pptm,ppsx,ppsm,potx,potm,ppam,sldx,sldm,onetoc,onetoc2,onepkg,oxps,xps,odt,odp,ods,odg,odc,odb,odf,wp,wpd,key,numbers,pages,svg,svgz\"\n\t\tdata-max-size=\"268435456\"\n\t\tdata-max-file-number=\"3\"\n\t\tdata-post-max-size=\"268435456\"\n\t\tdata-max-parallel-uploads=\"4\"\n\t\tdata-parallel-uploads=\"true\"\n\t\tdata-file-chunk-size=\"2097152\">\n\t<div class=\"dz-message\">\n\t\t<svg viewbox=\"0 0 1024 1024\" focusable=\"false\" data-icon=\"inbox\" width=\"50px\" height=\"50px\" fill=\"currentColor\" aria-hidden=\"true\">\n\t\t\t<path d=\"M885.2 446.3l-.2-.8-112.2-285.1c-5-16.1-19.9-27.2-36.8-27.2H281.2c-17 0-32.1 11.3-36.9 27.6L139.4 443l-.3.7-.2.8c-1.3 4.9-1.7 9.9-1 14.8-.1 1.6-.2 3.2-.2 4.8V830a60.9 60.9 0 0 0 60.8 60.8h627.2c33.5 0 60.8-27.3 60.9-60.8V464.1c0-1.3 0-2.6-.1-3.7.4-4.9 0-9.6-1.3-14.1zm-295.8-43l-.3 15.7c-.8 44.9-31.8 75.1-77.1 75.1-22.1 0-41.1-7.1-54.8-20.6S436 441.2 435.6 419l-.3-15.7H229.5L309 210h399.2l81.7 193.3H589.4zm-375 76.8h157.3c24.3 57.1 76 90.8 140.4 90.8 33.7 0 65-9.4 90.3-27.2 22.2-15.6 39.5-37.4 50.7-63.6h156.5V814H214.4V480.1z\"><\/path>\n\t\t<\/svg>\n\t\t<span class=\"modern-title\">Klicken oder ziehen Sie Dateien in diesem Bereich zum Hochladen.<\/span>\n\n\t\t\t\t\t<span class=\"modern-hint\">Sie k\u00f6nnen bis zu 3 Dateien hochladen.<\/span>\n\t\t\t<\/div>\n<\/div>\n<input\n\t\ttype=\"text\"\n\t\tautocomplete=\"off\"\n\t\tclass=\"dropzone-input\"\n\t\tstyle=\"position:absolute!important;clip:rect(0,0,0,0)!important;height:1px!important;width:1px!important;border:0!important;overflow:hidden!important;padding:0!important;margin:0!important;\"\n\t\tid=\"wpforms-802-field_17\"\n\t\tname=\"wpforms_802_17\" \t\tvalue=\"\">\n<\/div><\/div><!-- .wpforms-field-container --><div class=\"wpforms-submit-container\" ><input type=\"hidden\" name=\"wpforms[id]\" value=\"802\"><input type=\"hidden\" name=\"wpforms[author]\" value=\"1\"><button type=\"submit\" name=\"wpforms[submit]\" id=\"wpforms-submit-802\" class=\"wpforms-submit\" data-alt-text=\"Odes\u00edl\u00e1m...\" data-submit-text=\"Odeslat\" aria-live=\"assertive\" value=\"wpforms-submit\">Senden an<\/button><img loading=\"lazy\" decoding=\"async\" src=\"https:\/\/www.repairsys.eu\/wp-content\/plugins\/wpforms\/assets\/images\/submit-spin.svg\" class=\"wpforms-submit-spinner\" style=\"display: none;\" width=\"26\" height=\"26\" alt=\"Wird geladen\"><\/div><input type=\"hidden\" name=\"trp-form-language\" value=\"de\"\/><\/form><\/div>  <!-- .wpforms-container --><\/p>","protected":false},"author":1,"featured_media":0,"parent":0,"menu_order":0,"comment_status":"closed","ping_status":"closed","template":"","meta":{"_et_pb_use_builder":"on","_et_pb_old_content":"<!-- wp:paragraph -->\n<p>[wpforms id=\"802\"]<\/p>\n<!-- \/wp:paragraph -->","_et_gb_content_width":"","footnotes":""},"class_list":["post-1142","page","type-page","status-publish","hentry"],"acf":[],"_links":{"self":[{"href":"https:\/\/www.repairsys.eu\/de\/wp-json\/wp\/v2\/pages\/1142","targetHints":{"allow":["GET"]}}],"collection":[{"href":"https:\/\/www.repairsys.eu\/de\/wp-json\/wp\/v2\/pages"}],"about":[{"href":"https:\/\/www.repairsys.eu\/de\/wp-json\/wp\/v2\/types\/page"}],"author":[{"embeddable":true,"href":"https:\/\/www.repairsys.eu\/de\/wp-json\/wp\/v2\/users\/1"}],"replies":[{"embeddable":true,"href":"https:\/\/www.repairsys.eu\/de\/wp-json\/wp\/v2\/comments?post=1142"}],"version-history":[{"count":3,"href":"https:\/\/www.repairsys.eu\/de\/wp-json\/wp\/v2\/pages\/1142\/revisions"}],"predecessor-version":[{"id":1150,"href":"https:\/\/www.repairsys.eu\/de\/wp-json\/wp\/v2\/pages\/1142\/revisions\/1150"}],"wp:attachment":[{"href":"https:\/\/www.repairsys.eu\/de\/wp-json\/wp\/v2\/media?parent=1142"}],"curies":[{"name":"wp","href":"https:\/\/api.w.org\/{rel}","templated":true}]}}